{"id":869,"date":"2025-10-20T11:13:38","date_gmt":"2025-10-20T08:13:38","guid":{"rendered":"https:\/\/urfaeo.cekodesign.com\/?page_id=869"},"modified":"2025-11-05T10:03:40","modified_gmt":"2025-11-05T07:03:40","slug":"saglik-mud-matbu","status":"publish","type":"page","link":"https:\/\/sanliurfaeo.birodam.org.tr\/index.php\/saglik-mud-matbu\/","title":{"rendered":"Sa\u011fl\u0131k M\u00fcd. Matbu"},"content":{"rendered":"\t\t<div data-elementor-type=\"wp-page\" data-elementor-id=\"869\" class=\"elementor elementor-869\" data-elementor-post-type=\"page\">\n\t\t\t\t<div class=\"elementor-element elementor-element-ce9c526 e-flex e-con-boxed wpr-particle-no wpr-jarallax-no wpr-parallax-no wpr-sticky-section-no wpr-equal-height-no e-con e-parent\" data-id=\"ce9c526\" data-element_type=\"container\">\n\t\t\t\t\t<div class=\"e-con-inner\">\n\t\t\t\t<div class=\"elementor-element elementor-element-5658577 elementor-widget elementor-widget-spacer\" data-id=\"5658577\" data-element_type=\"widget\" data-widget_type=\"spacer.default\">\n\t\t\t\t\t\t\t<div class=\"elementor-spacer\">\n\t\t\t<div class=\"elementor-spacer-inner\"><\/div>\n\t\t<\/div>\n\t\t\t\t\t\t<\/div>\n\t\t\t\t\t<\/div>\n\t\t\t\t<\/div>\n\t\t<div class=\"elementor-element elementor-element-b8decbf e-flex e-con-boxed wpr-particle-no wpr-jarallax-no wpr-parallax-no wpr-sticky-section-no wpr-equal-height-no e-con e-parent\" data-id=\"b8decbf\" data-element_type=\"container\">\n\t\t\t\t\t<div class=\"e-con-inner\">\n\t\t<a class=\"elementor-element elementor-element-08aa470 e-con-full e-flex wpr-particle-no wpr-jarallax-no wpr-parallax-no wpr-sticky-section-no wpr-equal-height-no e-con e-child\" data-id=\"08aa470\" data-element_type=\"container\" data-settings=\"{&quot;background_background&quot;:&quot;classic&quot;}\" href=\"\/wp-content\/uploads\/2025\/10\/Turuncu-Recete-Teslim-Formu.doc\">\n\t\t\t\t<div class=\"elementor-element elementor-element-0ecbfdb elementor-view-default elementor-widget elementor-widget-icon\" data-id=\"0ecbfdb\" data-element_type=\"widget\" data-widget_type=\"icon.default\">\n\t\t\t\t\t\t\t<div class=\"elementor-icon-wrapper\">\n\t\t\t<div class=\"elementor-icon\">\n\t\t\t<svg aria-hidden=\"true\" class=\"e-font-icon-svg e-fab-wpforms\" viewBox=\"0 0 448 512\" xmlns=\"http:\/\/www.w3.org\/2000\/svg\"><path d=\"M448 75.2v361.7c0 24.3-19 43.2-43.2 43.2H43.2C19.3 480 0 461.4 0 436.8V75.2C0 51.1 18.8 32 43.2 32h361.7c24 0 43.1 18.8 43.1 43.2zm-37.3 361.6V75.2c0-3-2.6-5.8-5.8-5.8h-9.3L285.3 144 224 94.1 162.8 144 52.5 69.3h-9.3c-3.2 0-5.8 2.8-5.8 5.8v361.7c0 3 2.6 5.8 5.8 5.8h361.7c3.2.1 5.8-2.7 5.8-5.8zM150.2 186v37H76.7v-37h73.5zm0 74.4v37.3H76.7v-37.3h73.5zm11.1-147.3l54-43.7H96.8l64.5 43.7zm210 72.9v37h-196v-37h196zm0 74.4v37.3h-196v-37.3h196zm-84.6-147.3l64.5-43.7H232.8l53.9 43.7zM371.3 335v37.3h-99.4V335h99.4z\"><\/path><\/svg>\t\t\t<\/div>\n\t\t<\/div>\n\t\t\t\t\t\t<\/div>\n\t\t\t\t<div class=\"elementor-element elementor-element-886e2c3 elementor-widget elementor-widget-heading\" data-id=\"886e2c3\" data-element_type=\"widget\" data-widget_type=\"heading.default\">\n\t\t\t\t\t<h5 class=\"elementor-heading-title elementor-size-default\">Turuncu Re\u00e7ete Teslim Formu\n<\/h5>\t\t\t\t<\/div>\n\t\t\t\t<\/a>\n\t\t<a class=\"elementor-element elementor-element-3b2a398 e-con-full e-flex wpr-particle-no wpr-jarallax-no wpr-parallax-no wpr-sticky-section-no wpr-equal-height-no e-con e-child\" data-id=\"3b2a398\" data-element_type=\"container\" data-settings=\"{&quot;background_background&quot;:&quot;classic&quot;}\" href=\"\/wp-content\/uploads\/2025\/10\/Yesil-kirmizi-Receteli-Ilac-Imha-Dilekce-Formu.docx\">\n\t\t\t\t<div class=\"elementor-element elementor-element-e40048b elementor-view-default elementor-widget elementor-widget-icon\" data-id=\"e40048b\" data-element_type=\"widget\" data-widget_type=\"icon.default\">\n\t\t\t\t\t\t\t<div class=\"elementor-icon-wrapper\">\n\t\t\t<div class=\"elementor-icon\">\n\t\t\t<svg aria-hidden=\"true\" class=\"e-font-icon-svg e-fab-wpforms\" viewBox=\"0 0 448 512\" xmlns=\"http:\/\/www.w3.org\/2000\/svg\"><path d=\"M448 75.2v361.7c0 24.3-19 43.2-43.2 43.2H43.2C19.3 480 0 461.4 0 436.8V75.2C0 51.1 18.8 32 43.2 32h361.7c24 0 43.1 18.8 43.1 43.2zm-37.3 361.6V75.2c0-3-2.6-5.8-5.8-5.8h-9.3L285.3 144 224 94.1 162.8 144 52.5 69.3h-9.3c-3.2 0-5.8 2.8-5.8 5.8v361.7c0 3 2.6 5.8 5.8 5.8h361.7c3.2.1 5.8-2.7 5.8-5.8zM150.2 186v37H76.7v-37h73.5zm0 74.4v37.3H76.7v-37.3h73.5zm11.1-147.3l54-43.7H96.8l64.5 43.7zm210 72.9v37h-196v-37h196zm0 74.4v37.3h-196v-37.3h196zm-84.6-147.3l64.5-43.7H232.8l53.9 43.7zM371.3 335v37.3h-99.4V335h99.4z\"><\/path><\/svg>\t\t\t<\/div>\n\t\t<\/div>\n\t\t\t\t\t\t<\/div>\n\t\t\t\t<div class=\"elementor-element elementor-element-7a3de23 elementor-widget elementor-widget-heading\" data-id=\"7a3de23\" data-element_type=\"widget\" data-widget_type=\"heading.default\">\n\t\t\t\t\t<h5 class=\"elementor-heading-title elementor-size-default\">Mor Re\u00e7ete Teslim Formu<\/h5>\t\t\t\t<\/div>\n\t\t\t\t<\/a>\n\t\t<a class=\"elementor-element elementor-element-43f284a e-con-full e-flex wpr-particle-no wpr-jarallax-no wpr-parallax-no wpr-sticky-section-no wpr-equal-height-no e-con e-child\" data-id=\"43f284a\" data-element_type=\"container\" data-settings=\"{&quot;background_background&quot;:&quot;classic&quot;}\" href=\"\/wp-content\/uploads\/2025\/10\/Mor-Recete-Teslim-Formu.doc\">\n\t\t\t\t<div class=\"elementor-element elementor-element-d4c50d4 elementor-view-default elementor-widget elementor-widget-icon\" data-id=\"d4c50d4\" data-element_type=\"widget\" data-widget_type=\"icon.default\">\n\t\t\t\t\t\t\t<div class=\"elementor-icon-wrapper\">\n\t\t\t<div class=\"elementor-icon\">\n\t\t\t<svg aria-hidden=\"true\" class=\"e-font-icon-svg e-fab-wpforms\" viewBox=\"0 0 448 512\" xmlns=\"http:\/\/www.w3.org\/2000\/svg\"><path d=\"M448 75.2v361.7c0 24.3-19 43.2-43.2 43.2H43.2C19.3 480 0 461.4 0 436.8V75.2C0 51.1 18.8 32 43.2 32h361.7c24 0 43.1 18.8 43.1 43.2zm-37.3 361.6V75.2c0-3-2.6-5.8-5.8-5.8h-9.3L285.3 144 224 94.1 162.8 144 52.5 69.3h-9.3c-3.2 0-5.8 2.8-5.8 5.8v361.7c0 3 2.6 5.8 5.8 5.8h361.7c3.2.1 5.8-2.7 5.8-5.8zM150.2 186v37H76.7v-37h73.5zm0 74.4v37.3H76.7v-37.3h73.5zm11.1-147.3l54-43.7H96.8l64.5 43.7zm210 72.9v37h-196v-37h196zm0 74.4v37.3h-196v-37.3h196zm-84.6-147.3l64.5-43.7H232.8l53.9 43.7zM371.3 335v37.3h-99.4V335h99.4z\"><\/path><\/svg>\t\t\t<\/div>\n\t\t<\/div>\n\t\t\t\t\t\t<\/div>\n\t\t\t\t<div class=\"elementor-element elementor-element-cf80d66 elementor-widget elementor-widget-heading\" data-id=\"cf80d66\" data-element_type=\"widget\" data-widget_type=\"heading.default\">\n\t\t\t\t\t<h5 class=\"elementor-heading-title elementor-size-default\">Ye\u015fil\/k\u0131rm\u0131z\u0131 Re\u00e7eteli \u0130la\u00e7 \u0130mha Dilek\u00e7e\/Formu\n<\/h5>\t\t\t\t<\/div>\n\t\t\t\t<\/a>\n\t\t\t\t\t<\/div>\n\t\t\t\t<\/div>\n\t\t<div class=\"elementor-element elementor-element-b18bf1a e-flex e-con-boxed wpr-particle-no wpr-jarallax-no wpr-parallax-no wpr-sticky-section-no wpr-equal-height-no e-con e-parent\" data-id=\"b18bf1a\" data-element_type=\"container\">\n\t\t\t\t\t<div class=\"e-con-inner\">\n\t\t\t\t<div class=\"elementor-element elementor-element-88f9c56 elementor-widget elementor-widget-spacer\" data-id=\"88f9c56\" data-element_type=\"widget\" data-widget_type=\"spacer.default\">\n\t\t\t\t\t\t\t<div class=\"elementor-spacer\">\n\t\t\t<div class=\"elementor-spacer-inner\"><\/div>\n\t\t<\/div>\n\t\t\t\t\t\t<\/div>\n\t\t\t\t\t<\/div>\n\t\t\t\t<\/div>\n\t\t\t\t<\/div>\n\t\t","protected":false},"excerpt":{"rendered":"<p>Turuncu Re\u00e7ete Teslim Formu Mor Re\u00e7ete Teslim Formu Ye\u015fil\/k\u0131rm\u0131z\u0131 Re\u00e7eteli \u0130la\u00e7 \u0130mha Dilek\u00e7e\/Formu<\/p>\n","protected":false},"author":1,"featured_media":0,"parent":0,"menu_order":0,"comment_status":"closed","ping_status":"closed","template":"elementor_canvas","meta":{"footnotes":""},"class_list":["post-869","page","type-page","status-publish","hentry"],"yoast_head":"<!-- This site is optimized with the Yoast SEO plugin v27.4 - https:\/\/yoast.com\/product\/yoast-seo-wordpress\/ -->\n<title>Sa\u011fl\u0131k M\u00fcd. Matbu - \u015eanl\u0131urfa Eczac\u0131 Odas\u0131<\/title>\n<meta name=\"robots\" content=\"index, follow, max-snippet:-1, max-image-preview:large, max-video-preview:-1\" \/>\n<link rel=\"canonical\" href=\"https:\/\/sanliurfaeo.birodam.org.tr\/index.php\/saglik-mud-matbu\/\" \/>\n<meta property=\"og:locale\" content=\"tr_TR\" \/>\n<meta property=\"og:type\" content=\"article\" \/>\n<meta property=\"og:title\" content=\"Sa\u011fl\u0131k M\u00fcd. Matbu - \u015eanl\u0131urfa Eczac\u0131 Odas\u0131\" \/>\n<meta property=\"og:description\" content=\"Turuncu Re\u00e7ete Teslim Formu Mor Re\u00e7ete Teslim Formu Ye\u015fil\/k\u0131rm\u0131z\u0131 Re\u00e7eteli \u0130la\u00e7 \u0130mha Dilek\u00e7e\/Formu\" \/>\n<meta property=\"og:url\" content=\"https:\/\/sanliurfaeo.birodam.org.tr\/index.php\/saglik-mud-matbu\/\" \/>\n<meta property=\"og:site_name\" content=\"\u015eanl\u0131urfa Eczac\u0131 Odas\u0131\" \/>\n<meta property=\"article:modified_time\" content=\"2025-11-05T07:03:40+00:00\" \/>\n<meta name=\"twitter:card\" content=\"summary_large_image\" \/>\n<script type=\"application\/ld+json\" class=\"yoast-schema-graph\">{\"@context\":\"https:\\\/\\\/schema.org\",\"@graph\":[{\"@type\":\"WebPage\",\"@id\":\"https:\\\/\\\/sanliurfaeo.birodam.org.tr\\\/index.php\\\/saglik-mud-matbu\\\/\",\"url\":\"https:\\\/\\\/sanliurfaeo.birodam.org.tr\\\/index.php\\\/saglik-mud-matbu\\\/\",\"name\":\"Sa\u011fl\u0131k M\u00fcd. Matbu - \u015eanl\u0131urfa Eczac\u0131 Odas\u0131\",\"isPartOf\":{\"@id\":\"https:\\\/\\\/sanliurfaeo.birodam.org.tr\\\/#website\"},\"datePublished\":\"2025-10-20T08:13:38+00:00\",\"dateModified\":\"2025-11-05T07:03:40+00:00\",\"breadcrumb\":{\"@id\":\"https:\\\/\\\/sanliurfaeo.birodam.org.tr\\\/index.php\\\/saglik-mud-matbu\\\/#breadcrumb\"},\"inLanguage\":\"tr\",\"potentialAction\":[{\"@type\":\"ReadAction\",\"target\":[\"https:\\\/\\\/sanliurfaeo.birodam.org.tr\\\/index.php\\\/saglik-mud-matbu\\\/\"]}]},{\"@type\":\"BreadcrumbList\",\"@id\":\"https:\\\/\\\/sanliurfaeo.birodam.org.tr\\\/index.php\\\/saglik-mud-matbu\\\/#breadcrumb\",\"itemListElement\":[{\"@type\":\"ListItem\",\"position\":1,\"name\":\"Anasayfa\",\"item\":\"https:\\\/\\\/sanliurfaeo.birodam.org.tr\\\/\"},{\"@type\":\"ListItem\",\"position\":2,\"name\":\"Sa\u011fl\u0131k M\u00fcd. Matbu\"}]},{\"@type\":\"WebSite\",\"@id\":\"https:\\\/\\\/sanliurfaeo.birodam.org.tr\\\/#website\",\"url\":\"https:\\\/\\\/sanliurfaeo.birodam.org.tr\\\/\",\"name\":\"\u015eanl\u0131urfa Eczac\u0131 Odas\u0131\",\"description\":\"\",\"publisher\":{\"@id\":\"https:\\\/\\\/sanliurfaeo.birodam.org.tr\\\/#organization\"},\"potentialAction\":[{\"@type\":\"SearchAction\",\"target\":{\"@type\":\"EntryPoint\",\"urlTemplate\":\"https:\\\/\\\/sanliurfaeo.birodam.org.tr\\\/?s={search_term_string}\"},\"query-input\":{\"@type\":\"PropertyValueSpecification\",\"valueRequired\":true,\"valueName\":\"search_term_string\"}}],\"inLanguage\":\"tr\"},{\"@type\":\"Organization\",\"@id\":\"https:\\\/\\\/sanliurfaeo.birodam.org.tr\\\/#organization\",\"name\":\"\u015eanl\u0131urfa Eczac\u0131 Odas\u0131\",\"url\":\"https:\\\/\\\/sanliurfaeo.birodam.org.tr\\\/\",\"logo\":{\"@type\":\"ImageObject\",\"inLanguage\":\"tr\",\"@id\":\"https:\\\/\\\/sanliurfaeo.birodam.org.tr\\\/#\\\/schema\\\/logo\\\/image\\\/\",\"url\":\"https:\\\/\\\/sanliurfaeo.birodam.org.tr\\\/wp-content\\\/uploads\\\/2025\\\/09\\\/22022021211638-19929-73208.png\",\"contentUrl\":\"https:\\\/\\\/sanliurfaeo.birodam.org.tr\\\/wp-content\\\/uploads\\\/2025\\\/09\\\/22022021211638-19929-73208.png\",\"width\":635,\"height\":635,\"caption\":\"\u015eanl\u0131urfa Eczac\u0131 Odas\u0131\"},\"image\":{\"@id\":\"https:\\\/\\\/sanliurfaeo.birodam.org.tr\\\/#\\\/schema\\\/logo\\\/image\\\/\"}}]}<\/script>\n<!-- \/ Yoast SEO plugin. -->","yoast_head_json":{"title":"Sa\u011fl\u0131k M\u00fcd. Matbu - \u015eanl\u0131urfa Eczac\u0131 Odas\u0131","robots":{"index":"index","follow":"follow","max-snippet":"max-snippet:-1","max-image-preview":"max-image-preview:large","max-video-preview":"max-video-preview:-1"},"canonical":"https:\/\/sanliurfaeo.birodam.org.tr\/index.php\/saglik-mud-matbu\/","og_locale":"tr_TR","og_type":"article","og_title":"Sa\u011fl\u0131k M\u00fcd. Matbu - \u015eanl\u0131urfa Eczac\u0131 Odas\u0131","og_description":"Turuncu Re\u00e7ete Teslim Formu Mor Re\u00e7ete Teslim Formu Ye\u015fil\/k\u0131rm\u0131z\u0131 Re\u00e7eteli \u0130la\u00e7 \u0130mha Dilek\u00e7e\/Formu","og_url":"https:\/\/sanliurfaeo.birodam.org.tr\/index.php\/saglik-mud-matbu\/","og_site_name":"\u015eanl\u0131urfa Eczac\u0131 Odas\u0131","article_modified_time":"2025-11-05T07:03:40+00:00","twitter_card":"summary_large_image","schema":{"@context":"https:\/\/schema.org","@graph":[{"@type":"WebPage","@id":"https:\/\/sanliurfaeo.birodam.org.tr\/index.php\/saglik-mud-matbu\/","url":"https:\/\/sanliurfaeo.birodam.org.tr\/index.php\/saglik-mud-matbu\/","name":"Sa\u011fl\u0131k M\u00fcd. Matbu - \u015eanl\u0131urfa Eczac\u0131 Odas\u0131","isPartOf":{"@id":"https:\/\/sanliurfaeo.birodam.org.tr\/#website"},"datePublished":"2025-10-20T08:13:38+00:00","dateModified":"2025-11-05T07:03:40+00:00","breadcrumb":{"@id":"https:\/\/sanliurfaeo.birodam.org.tr\/index.php\/saglik-mud-matbu\/#breadcrumb"},"inLanguage":"tr","potentialAction":[{"@type":"ReadAction","target":["https:\/\/sanliurfaeo.birodam.org.tr\/index.php\/saglik-mud-matbu\/"]}]},{"@type":"BreadcrumbList","@id":"https:\/\/sanliurfaeo.birodam.org.tr\/index.php\/saglik-mud-matbu\/#breadcrumb","itemListElement":[{"@type":"ListItem","position":1,"name":"Anasayfa","item":"https:\/\/sanliurfaeo.birodam.org.tr\/"},{"@type":"ListItem","position":2,"name":"Sa\u011fl\u0131k M\u00fcd. Matbu"}]},{"@type":"WebSite","@id":"https:\/\/sanliurfaeo.birodam.org.tr\/#website","url":"https:\/\/sanliurfaeo.birodam.org.tr\/","name":"\u015eanl\u0131urfa Eczac\u0131 Odas\u0131","description":"","publisher":{"@id":"https:\/\/sanliurfaeo.birodam.org.tr\/#organization"},"potentialAction":[{"@type":"SearchAction","target":{"@type":"EntryPoint","urlTemplate":"https:\/\/sanliurfaeo.birodam.org.tr\/?s={search_term_string}"},"query-input":{"@type":"PropertyValueSpecification","valueRequired":true,"valueName":"search_term_string"}}],"inLanguage":"tr"},{"@type":"Organization","@id":"https:\/\/sanliurfaeo.birodam.org.tr\/#organization","name":"\u015eanl\u0131urfa Eczac\u0131 Odas\u0131","url":"https:\/\/sanliurfaeo.birodam.org.tr\/","logo":{"@type":"ImageObject","inLanguage":"tr","@id":"https:\/\/sanliurfaeo.birodam.org.tr\/#\/schema\/logo\/image\/","url":"https:\/\/sanliurfaeo.birodam.org.tr\/wp-content\/uploads\/2025\/09\/22022021211638-19929-73208.png","contentUrl":"https:\/\/sanliurfaeo.birodam.org.tr\/wp-content\/uploads\/2025\/09\/22022021211638-19929-73208.png","width":635,"height":635,"caption":"\u015eanl\u0131urfa Eczac\u0131 Odas\u0131"},"image":{"@id":"https:\/\/sanliurfaeo.birodam.org.tr\/#\/schema\/logo\/image\/"}}]}},"acf":[],"_links":{"self":[{"href":"https:\/\/sanliurfaeo.birodam.org.tr\/index.php\/wp-json\/wp\/v2\/pages\/869","targetHints":{"allow":["GET"]}}],"collection":[{"href":"https:\/\/sanliurfaeo.birodam.org.tr\/index.php\/wp-json\/wp\/v2\/pages"}],"about":[{"href":"https:\/\/sanliurfaeo.birodam.org.tr\/index.php\/wp-json\/wp\/v2\/types\/page"}],"author":[{"embeddable":true,"href":"https:\/\/sanliurfaeo.birodam.org.tr\/index.php\/wp-json\/wp\/v2\/users\/1"}],"replies":[{"embeddable":true,"href":"https:\/\/sanliurfaeo.birodam.org.tr\/index.php\/wp-json\/wp\/v2\/comments?post=869"}],"version-history":[{"count":16,"href":"https:\/\/sanliurfaeo.birodam.org.tr\/index.php\/wp-json\/wp\/v2\/pages\/869\/revisions"}],"predecessor-version":[{"id":1914,"href":"https:\/\/sanliurfaeo.birodam.org.tr\/index.php\/wp-json\/wp\/v2\/pages\/869\/revisions\/1914"}],"wp:attachment":[{"href":"https:\/\/sanliurfaeo.birodam.org.tr\/index.php\/wp-json\/wp\/v2\/media?parent=869"}],"curies":[{"name":"wp","href":"https:\/\/api.w.org\/{rel}","templated":true}]}}